{"id":14,"date":"2016-10-07T09:46:48","date_gmt":"2016-10-07T07:46:48","guid":{"rendered":"http:http:\/\/www.hotel-zur-eiche.de\/neu\/?page_id=14"},"modified":"2025-06-25T22:42:07","modified_gmt":"2025-06-25T20:42:07","slug":"tagung","status":"publish","type":"page","link":"https:\/\/www.hotel-zur-eiche.de\/en\/tagung\/","title":{"rendered":"Conference"},"content":{"rendered":"<p>You are looking for a personalized service, for special conference solutions, for an outstanding product and you assume a service-oriented and efficient support.<\/p>\n<p>We guarantee our competence and reliability, you can build on our long-standing experience.<\/p>\n<p>We offer unconventional solutions depending on your budget with dedicated and highly qualified staff which identifies with their tasks.<\/p>\n<p>Our meeting rooms are multifunctional and can be configured to host a variety of events from business meetings and seminars to receptions and dinner events. All rooms are flooded with daylight and equipped with modern conference facilities:<\/p>\n<ul>\n<li>flipchart<\/li>\n<li>screen<\/li>\n<li>Digital projector<\/li>\n<\/ul>\n<p>Please contact us for packages and prices.<\/p>\n","protected":false},"excerpt":{"rendered":"<p>Our meeting rooms are multifunctional and can be configured to host a variety of events from business meetings and seminars to receptions and dinner events. All rooms are equipped with modern conference facilities.<\/p>\n","protected":false},"author":2,"featured_media":338,"parent":0,"menu_order":0,"comment_status":"closed","ping_status":"closed","template":"","meta":{"footnotes":""},"translation":{"provider":"WPGlobus","version":"2.12.2","language":"en","enabled_languages":["de","en"],"languages":{"de":{"title":true,"content":true,"excerpt":true},"en":{"title":true,"content":true,"excerpt":true}}},"acf":[],"yoast_head":"<!-- This site is optimized with the Yoast SEO plugin v23.5 - https:\/\/yoast.com\/wordpress\/plugins\/seo\/ -->\n<title>Conference - Landhotel Zur Eiche<\/title>\n<meta name=\"robots\" content=\"index, follow, max-snippet:-1, max-image-preview:large, max-video-preview:-1\" \/>\n<link rel=\"canonical\" href=\"https:\/\/www.hotel-zur-eiche.de\/tagung\/\" \/>\n<meta property=\"og:locale\" content=\"en_US\" \/>\n<meta property=\"og:type\" content=\"article\" \/>\n<meta property=\"og:title\" content=\"Conference - Landhotel Zur Eiche\" \/>\n<meta property=\"og:url\" content=\"https:\/\/www.hotel-zur-eiche.de\/tagung\/\" \/>\n<meta property=\"og:site_name\" content=\"Landhotel Zur Eiche\" \/>\n<meta property=\"article:modified_time\" content=\"2025-06-25T20:42:07+00:00\" \/>\n<meta property=\"og:image\" content=\"https:\/\/www.hotel-zur-eiche.de\/wp-content\/uploads\/2016\/10\/raeume_landhotel.jpg\" \/>\n\t<meta property=\"og:image:width\" content=\"1300\" \/>\n\t<meta property=\"og:image:height\" content=\"800\" \/>\n\t<meta property=\"og:image:type\" content=\"image\/jpeg\" \/>\n<meta name=\"twitter:card\" content=\"summary_large_image\" \/>\n<meta name=\"twitter:label1\" content=\"Est. reading time\" \/>\n\t<meta name=\"twitter:data1\" content=\"1 minute\" \/>\n<script type=\"application\/ld+json\" class=\"yoast-schema-graph\">{\"@context\":\"https:\/\/schema.org\",\"@graph\":[{\"@type\":\"WebPage\",\"@id\":\"https:\/\/www.hotel-zur-eiche.de\/tagung\/\",\"url\":\"https:\/\/www.hotel-zur-eiche.de\/tagung\/\",\"name\":\"Conference - Landhotel Zur Eiche\",\"isPartOf\":{\"@id\":\"https:\/\/www.hotel-zur-eiche.de\/#website\"},\"primaryImageOfPage\":{\"@id\":\"https:\/\/www.hotel-zur-eiche.de\/tagung\/#primaryimage\"},\"image\":{\"@id\":\"https:\/\/www.hotel-zur-eiche.de\/tagung\/#primaryimage\"},\"thumbnailUrl\":\"https:\/\/www.hotel-zur-eiche.de\/wp-content\/uploads\/2016\/10\/raeume_landhotel.jpg\",\"datePublished\":\"2016-10-07T07:46:48+00:00\",\"dateModified\":\"2025-06-25T20:42:07+00:00\",\"description\":\"Kreativ und effektiv Tagen in der l\u00e4ndlichen Idylle des Alten Landes - Tagunsgangebote, verschiedenen R\u00e4umlichkeiten und Ausstattungen.\",\"breadcrumb\":{\"@id\":\"https:\/\/www.hotel-zur-eiche.de\/tagung\/#breadcrumb\"},\"inLanguage\":\"en-US\",\"potentialAction\":[{\"@type\":\"ReadAction\",\"target\":[\"https:\/\/www.hotel-zur-eiche.de\/tagung\/\"]}]},{\"@type\":\"ImageObject\",\"inLanguage\":\"en-US\",\"@id\":\"https:\/\/www.hotel-zur-eiche.de\/tagung\/#primaryimage\",\"url\":\"https:\/\/www.hotel-zur-eiche.de\/wp-content\/uploads\/2016\/10\/raeume_landhotel.jpg\",\"contentUrl\":\"https:\/\/www.hotel-zur-eiche.de\/wp-content\/uploads\/2016\/10\/raeume_landhotel.jpg\",\"width\":1300,\"height\":800,\"caption\":\"r\u00e4umlichkeiten landhotel\"},{\"@type\":\"BreadcrumbList\",\"@id\":\"https:\/\/www.hotel-zur-eiche.de\/tagung\/#breadcrumb\",\"itemListElement\":[{\"@type\":\"ListItem\",\"position\":1,\"name\":\"Startseite\",\"item\":\"https:\/\/www.hotel-zur-eiche.de\/\"},{\"@type\":\"ListItem\",\"position\":2,\"name\":\"Tagung\"}]},{\"@type\":\"WebSite\",\"@id\":\"https:\/\/www.hotel-zur-eiche.de\/#website\",\"url\":\"https:\/\/www.hotel-zur-eiche.de\/\",\"name\":\"Landhotel Zur Eiche\",\"description\":\"Eine famili\u00e4re Atmosph\u00e4re und herzliche Gastlichkeit im Landhotel zur Eiche laden zum Wohlf\u00fchlen in Hedendorf am Rande des Alten Landes ein.\",\"potentialAction\":[{\"@type\":\"SearchAction\",\"target\":{\"@type\":\"EntryPoint\",\"urlTemplate\":\"https:\/\/www.hotel-zur-eiche.de\/?s={search_term_string}\"},\"query-input\":{\"@type\":\"PropertyValueSpecification\",\"valueRequired\":true,\"valueName\":\"search_term_string\"}}],\"inLanguage\":\"en-US\"}]}<\/script>\n<!-- \/ Yoast SEO plugin. -->","yoast_head_json":{"title":"Conference - Landhotel Zur Eiche","robots":{"index":"index","follow":"follow","max-snippet":"max-snippet:-1","max-image-preview":"max-image-preview:large","max-video-preview":"max-video-preview:-1"},"canonical":"https:\/\/www.hotel-zur-eiche.de\/tagung\/","og_locale":"en_US","og_type":"article","og_title":"Conference - Landhotel Zur Eiche","og_url":"https:\/\/www.hotel-zur-eiche.de\/tagung\/","og_site_name":"Landhotel Zur Eiche","article_modified_time":"2025-06-25T20:42:07+00:00","og_image":[{"width":1300,"height":800,"url":"https:\/\/www.hotel-zur-eiche.de\/wp-content\/uploads\/2016\/10\/raeume_landhotel.jpg","type":"image\/jpeg"}],"twitter_card":"summary_large_image","twitter_misc":{"Est. reading time":"1 minute"},"schema":{"@context":"https:\/\/schema.org","@graph":[{"@type":"WebPage","@id":"https:\/\/www.hotel-zur-eiche.de\/tagung\/","url":"https:\/\/www.hotel-zur-eiche.de\/tagung\/","name":"Conference - Landhotel Zur Eiche","isPartOf":{"@id":"https:\/\/www.hotel-zur-eiche.de\/#website"},"primaryImageOfPage":{"@id":"https:\/\/www.hotel-zur-eiche.de\/tagung\/#primaryimage"},"image":{"@id":"https:\/\/www.hotel-zur-eiche.de\/tagung\/#primaryimage"},"thumbnailUrl":"https:\/\/www.hotel-zur-eiche.de\/wp-content\/uploads\/2016\/10\/raeume_landhotel.jpg","datePublished":"2016-10-07T07:46:48+00:00","dateModified":"2025-06-25T20:42:07+00:00","description":"Kreativ und effektiv Tagen in der l\u00e4ndlichen Idylle des Alten Landes - Tagunsgangebote, verschiedenen R\u00e4umlichkeiten und Ausstattungen.","breadcrumb":{"@id":"https:\/\/www.hotel-zur-eiche.de\/tagung\/#breadcrumb"},"inLanguage":"en-US","potentialAction":[{"@type":"ReadAction","target":["https:\/\/www.hotel-zur-eiche.de\/tagung\/"]}]},{"@type":"ImageObject","inLanguage":"en-US","@id":"https:\/\/www.hotel-zur-eiche.de\/tagung\/#primaryimage","url":"https:\/\/www.hotel-zur-eiche.de\/wp-content\/uploads\/2016\/10\/raeume_landhotel.jpg","contentUrl":"https:\/\/www.hotel-zur-eiche.de\/wp-content\/uploads\/2016\/10\/raeume_landhotel.jpg","width":1300,"height":800,"caption":"r\u00e4umlichkeiten landhotel"},{"@type":"BreadcrumbList","@id":"https:\/\/www.hotel-zur-eiche.de\/tagung\/#breadcrumb","itemListElement":[{"@type":"ListItem","position":1,"name":"Startseite","item":"https:\/\/www.hotel-zur-eiche.de\/"},{"@type":"ListItem","position":2,"name":"Tagung"}]},{"@type":"WebSite","@id":"https:\/\/www.hotel-zur-eiche.de\/#website","url":"https:\/\/www.hotel-zur-eiche.de\/","name":"Landhotel Zur Eiche","description":"Eine famili\u00e4re Atmosph\u00e4re und herzliche Gastlichkeit im Landhotel zur Eiche laden zum Wohlf\u00fchlen in Hedendorf am Rande des Alten Landes ein.","potentialAction":[{"@type":"SearchAction","target":{"@type":"EntryPoint","urlTemplate":"https:\/\/www.hotel-zur-eiche.de\/?s={search_term_string}"},"query-input":{"@type":"PropertyValueSpecification","valueRequired":true,"valueName":"search_term_string"}}],"inLanguage":"en-US"}]}},"_links":{"self":[{"href":"https:\/\/www.hotel-zur-eiche.de\/en\/wp-json\/wp\/v2\/pages\/14"}],"collection":[{"href":"https:\/\/www.hotel-zur-eiche.de\/en\/wp-json\/wp\/v2\/pages"}],"about":[{"href":"https:\/\/www.hotel-zur-eiche.de\/en\/wp-json\/wp\/v2\/types\/page"}],"author":[{"embeddable":true,"href":"https:\/\/www.hotel-zur-eiche.de\/en\/wp-json\/wp\/v2\/users\/2"}],"replies":[{"embeddable":true,"href":"https:\/\/www.hotel-zur-eiche.de\/en\/wp-json\/wp\/v2\/comments?post=14"}],"version-history":[{"count":6,"href":"https:\/\/www.hotel-zur-eiche.de\/en\/wp-json\/wp\/v2\/pages\/14\/revisions"}],"predecessor-version":[{"id":3632,"href":"https:\/\/www.hotel-zur-eiche.de\/en\/wp-json\/wp\/v2\/pages\/14\/revisions\/3632"}],"wp:featuredmedia":[{"embeddable":true,"href":"https:\/\/www.hotel-zur-eiche.de\/en\/wp-json\/wp\/v2\/media\/338"}],"wp:attachment":[{"href":"https:\/\/www.hotel-zur-eiche.de\/en\/wp-json\/wp\/v2\/media?parent=14"}],"curies":[{"name":"wp","href":"https:\/\/api.w.org\/{rel}","templated":true}]}}