{"id":192,"date":"2016-10-13T12:17:59","date_gmt":"2016-10-13T10:17:59","guid":{"rendered":"http:http:\/\/www.hotel-zur-eiche.de\/neu\/?page_id=192"},"modified":"2026-03-12T16:22:51","modified_gmt":"2026-03-12T15:22:51","slug":"stellenangebote","status":"publish","type":"page","link":"https:\/\/www.hotel-zur-eiche.de\/en\/informationen\/stellenangebote\/","title":{"rendered":"Jobs"},"content":{"rendered":"<p>Sie sind Gastgeber aus Leidenschaft, brennen f\u00fcr die Hotellerie &amp; Gastronomie und freuen sich darauf jeden Tag den G\u00e4sten ein L\u00e4cheln ins Gesicht zu zaubern? Dann sind Sie bei uns herzlich willkommen! <strong>Wir begr\u00fc\u00dfen auch Quereinsteiger mit und ohne Erfahrung<\/strong><\/p>\n<p>Bei Interesse schicken Sie uns gerne eine E-Mail oder melden sich telefonisch unter 04163-80760.<br \/>\nCarsten Dammann<br \/>\n<a href=\"mailto:c.dammann@hotel-zur-eiche.de\">c.dammann@hotel-zur-eiche.de <\/a><\/p>\n<hr \/>\n<p>Aktuell sind wir auf der Suche nach tatkr\u00e4ftiger Unterst\u00fctzung in folgenden Bereichen:<\/p>\n<p>&#8211; K\u00fcchenhilfe (m\/w\/d) Teilzeit 80-120 Stunden im Monat<br \/>\ndienstags bis samstags ab 16:30 Uhr<\/p>\n<p>&#8211; Ausbildung Koch (m\/w\/d)<\/p>\n<p>&#8211; Ausbildung Fachkraft K\u00fcche (m\/w\/d)<\/p>\n<p>&nbsp;<\/p>\n<p>&nbsp;<\/p>\n<p>&nbsp;<\/p>\n","protected":false},"excerpt":{"rendered":"<p>Sie sind Gastgeber aus Leidenschaft, brennen f\u00fcr die Hotellerie &amp; Gastronomie und freuen sich darauf jeden Tag den G\u00e4sten ein L\u00e4cheln ins Gesicht zu zaubern? Dann sind Sie bei uns herzlich willkommen! Wir begr\u00fc\u00dfen auch Quereinsteiger mit und ohne Erfahrung Bei Interesse schicken Sie uns gerne eine E-Mail oder melden sich telefonisch unter 04163-80760. Carsten [&hellip;]<\/p>\n","protected":false},"author":2,"featured_media":0,"parent":16,"menu_order":0,"comment_status":"closed","ping_status":"closed","template":"","meta":{"footnotes":""},"translation":{"provider":"WPGlobus","version":"2.12.2","language":"en","enabled_languages":["de","en"],"languages":{"de":{"title":true,"content":true,"excerpt":false},"en":{"title":true,"content":false,"excerpt":false}}},"acf":[],"yoast_head":"<!-- This site is optimized with the Yoast SEO plugin v23.5 - https:\/\/yoast.com\/wordpress\/plugins\/seo\/ -->\n<title>Jobs - Landhotel Zur Eiche<\/title>\n<meta name=\"robots\" content=\"index, follow, max-snippet:-1, max-image-preview:large, max-video-preview:-1\" \/>\n<link rel=\"canonical\" href=\"https:\/\/www.hotel-zur-eiche.de\/informationen\/stellenangebote\/\" \/>\n<meta property=\"og:locale\" content=\"en_US\" \/>\n<meta property=\"og:type\" content=\"article\" \/>\n<meta property=\"og:title\" content=\"Jobs - Landhotel Zur Eiche\" \/>\n<meta property=\"og:url\" content=\"https:\/\/www.hotel-zur-eiche.de\/informationen\/stellenangebote\/\" \/>\n<meta property=\"og:site_name\" content=\"Landhotel Zur Eiche\" \/>\n<meta property=\"article:modified_time\" content=\"2026-03-12T15:22:51+00:00\" \/>\n<meta name=\"twitter:card\" content=\"summary_large_image\" \/>\n<meta name=\"twitter:label1\" content=\"Est. reading time\" \/>\n\t<meta name=\"twitter:data1\" content=\"1 minute\" \/>\n<script type=\"application\/ld+json\" class=\"yoast-schema-graph\">{\"@context\":\"https:\/\/schema.org\",\"@graph\":[{\"@type\":\"WebPage\",\"@id\":\"https:\/\/www.hotel-zur-eiche.de\/informationen\/stellenangebote\/\",\"url\":\"https:\/\/www.hotel-zur-eiche.de\/informationen\/stellenangebote\/\",\"name\":\"Jobs - Landhotel Zur Eiche\",\"isPartOf\":{\"@id\":\"https:\/\/www.hotel-zur-eiche.de\/#website\"},\"datePublished\":\"2016-10-13T10:17:59+00:00\",\"dateModified\":\"2026-03-12T15:22:51+00:00\",\"breadcrumb\":{\"@id\":\"https:\/\/www.hotel-zur-eiche.de\/informationen\/stellenangebote\/#breadcrumb\"},\"inLanguage\":\"en-US\",\"potentialAction\":[{\"@type\":\"ReadAction\",\"target\":[\"https:\/\/www.hotel-zur-eiche.de\/informationen\/stellenangebote\/\"]}]},{\"@type\":\"BreadcrumbList\",\"@id\":\"https:\/\/www.hotel-zur-eiche.de\/informationen\/stellenangebote\/#breadcrumb\",\"itemListElement\":[{\"@type\":\"ListItem\",\"position\":1,\"name\":\"Startseite\",\"item\":\"https:\/\/www.hotel-zur-eiche.de\/\"},{\"@type\":\"ListItem\",\"position\":2,\"name\":\"Information\",\"item\":\"https:\/\/www.hotel-zur-eiche.de\/en\/informationen\/\"},{\"@type\":\"ListItem\",\"position\":3,\"name\":\"Stellenangebote\"}]},{\"@type\":\"WebSite\",\"@id\":\"https:\/\/www.hotel-zur-eiche.de\/#website\",\"url\":\"https:\/\/www.hotel-zur-eiche.de\/\",\"name\":\"Landhotel Zur Eiche\",\"description\":\"Eine famili\u00e4re Atmosph\u00e4re und herzliche Gastlichkeit im Landhotel zur Eiche laden zum Wohlf\u00fchlen in Hedendorf am Rande des Alten Landes ein.\",\"potentialAction\":[{\"@type\":\"SearchAction\",\"target\":{\"@type\":\"EntryPoint\",\"urlTemplate\":\"https:\/\/www.hotel-zur-eiche.de\/?s={search_term_string}\"},\"query-input\":{\"@type\":\"PropertyValueSpecification\",\"valueRequired\":true,\"valueName\":\"search_term_string\"}}],\"inLanguage\":\"en-US\"}]}<\/script>\n<!-- \/ Yoast SEO plugin. -->","yoast_head_json":{"title":"Jobs - Landhotel Zur Eiche","robots":{"index":"index","follow":"follow","max-snippet":"max-snippet:-1","max-image-preview":"max-image-preview:large","max-video-preview":"max-video-preview:-1"},"canonical":"https:\/\/www.hotel-zur-eiche.de\/informationen\/stellenangebote\/","og_locale":"en_US","og_type":"article","og_title":"Jobs - Landhotel Zur Eiche","og_url":"https:\/\/www.hotel-zur-eiche.de\/informationen\/stellenangebote\/","og_site_name":"Landhotel Zur Eiche","article_modified_time":"2026-03-12T15:22:51+00:00","twitter_card":"summary_large_image","twitter_misc":{"Est. reading time":"1 minute"},"schema":{"@context":"https:\/\/schema.org","@graph":[{"@type":"WebPage","@id":"https:\/\/www.hotel-zur-eiche.de\/informationen\/stellenangebote\/","url":"https:\/\/www.hotel-zur-eiche.de\/informationen\/stellenangebote\/","name":"Jobs - Landhotel Zur Eiche","isPartOf":{"@id":"https:\/\/www.hotel-zur-eiche.de\/#website"},"datePublished":"2016-10-13T10:17:59+00:00","dateModified":"2026-03-12T15:22:51+00:00","breadcrumb":{"@id":"https:\/\/www.hotel-zur-eiche.de\/informationen\/stellenangebote\/#breadcrumb"},"inLanguage":"en-US","potentialAction":[{"@type":"ReadAction","target":["https:\/\/www.hotel-zur-eiche.de\/informationen\/stellenangebote\/"]}]},{"@type":"BreadcrumbList","@id":"https:\/\/www.hotel-zur-eiche.de\/informationen\/stellenangebote\/#breadcrumb","itemListElement":[{"@type":"ListItem","position":1,"name":"Startseite","item":"https:\/\/www.hotel-zur-eiche.de\/"},{"@type":"ListItem","position":2,"name":"Information","item":"https:\/\/www.hotel-zur-eiche.de\/en\/informationen\/"},{"@type":"ListItem","position":3,"name":"Stellenangebote"}]},{"@type":"WebSite","@id":"https:\/\/www.hotel-zur-eiche.de\/#website","url":"https:\/\/www.hotel-zur-eiche.de\/","name":"Landhotel Zur Eiche","description":"Eine famili\u00e4re Atmosph\u00e4re und herzliche Gastlichkeit im Landhotel zur Eiche laden zum Wohlf\u00fchlen in Hedendorf am Rande des Alten Landes ein.","potentialAction":[{"@type":"SearchAction","target":{"@type":"EntryPoint","urlTemplate":"https:\/\/www.hotel-zur-eiche.de\/?s={search_term_string}"},"query-input":{"@type":"PropertyValueSpecification","valueRequired":true,"valueName":"search_term_string"}}],"inLanguage":"en-US"}]}},"_links":{"self":[{"href":"https:\/\/www.hotel-zur-eiche.de\/en\/wp-json\/wp\/v2\/pages\/192"}],"collection":[{"href":"https:\/\/www.hotel-zur-eiche.de\/en\/wp-json\/wp\/v2\/pages"}],"about":[{"href":"https:\/\/www.hotel-zur-eiche.de\/en\/wp-json\/wp\/v2\/types\/page"}],"author":[{"embeddable":true,"href":"https:\/\/www.hotel-zur-eiche.de\/en\/wp-json\/wp\/v2\/users\/2"}],"replies":[{"embeddable":true,"href":"https:\/\/www.hotel-zur-eiche.de\/en\/wp-json\/wp\/v2\/comments?post=192"}],"version-history":[{"count":17,"href":"https:\/\/www.hotel-zur-eiche.de\/en\/wp-json\/wp\/v2\/pages\/192\/revisions"}],"predecessor-version":[{"id":3759,"href":"https:\/\/www.hotel-zur-eiche.de\/en\/wp-json\/wp\/v2\/pages\/192\/revisions\/3759"}],"up":[{"embeddable":true,"href":"https:\/\/www.hotel-zur-eiche.de\/en\/wp-json\/wp\/v2\/pages\/16"}],"wp:attachment":[{"href":"https:\/\/www.hotel-zur-eiche.de\/en\/wp-json\/wp\/v2\/media?parent=192"}],"curies":[{"name":"wp","href":"https:\/\/api.w.org\/{rel}","templated":true}]}}