{"id":4,"date":"2016-10-07T09:45:33","date_gmt":"2016-10-07T07:45:33","guid":{"rendered":"http:http:\/\/www.hotel-zur-eiche.de\/neu\/?page_id=4"},"modified":"2026-02-07T20:37:46","modified_gmt":"2026-02-07T19:37:46","slug":"home","status":"publish","type":"page","link":"https:\/\/www.hotel-zur-eiche.de\/en\/","title":{"rendered":"Welcome"},"content":{"rendered":"<p>Between the hanseatic cities Buxtehude and Stade you will find our family-run hotel on the edge of the area \u201cAltes Land\u201d.<\/p>\n<p>Our charming thatched house and the more than 300 year old oak make you directly feel welcome along with our hearty family atmosphere and warmth of hospitality. Experience the charming and rustic ambience of our hotel and restaurant and the region \u201cAltes Land\u201d by being our guest.<\/p>\n<p>We are looking forward to welcoming you!<\/p>\n<p>The Dammann Family<\/p>\n","protected":false},"excerpt":{"rendered":"<p>Between the hanseatic cities Buxtehude and Stade you will find our family-run hotel on the edge of the area \u201cAltes Land\u201d. Our charming thatched house and the more than 300 year old oak make you directly feel welcome along with our hearty family atmosphere and warmth of hospitality. Experience the charming and rustic ambience of [&hellip;]<\/p>\n","protected":false},"author":2,"featured_media":0,"parent":0,"menu_order":-50,"comment_status":"closed","ping_status":"closed","template":"","meta":{"footnotes":""},"translation":{"provider":"WPGlobus","version":"2.12.2","language":"en","enabled_languages":["de","en"],"languages":{"de":{"title":true,"content":true,"excerpt":false},"en":{"title":true,"content":true,"excerpt":false}}},"acf":[],"yoast_head":"<!-- This site is optimized with the Yoast SEO plugin v23.5 - https:\/\/yoast.com\/wordpress\/plugins\/seo\/ -->\n<title>Landhotel zur Eiche | Country House Hotel | Near Hamburg<\/title>\n<meta name=\"description\" content=\"A familiar atmosphere, sincere hospitality and a rustic and classy ambience in a country house style welcome you to a stay in Hedendorf.\" \/>\n<meta name=\"robots\" content=\"index, follow, max-snippet:-1, max-image-preview:large, max-video-preview:-1\" \/>\n<link rel=\"canonical\" href=\"https:\/\/www.hotel-zur-eiche.de\/\" \/>\n<meta property=\"og:locale\" content=\"en_US\" \/>\n<meta property=\"og:type\" content=\"article\" \/>\n<meta property=\"og:title\" content=\"Landhotel zur Eiche | Country House Hotel | Near Hamburg\" \/>\n<meta property=\"og:description\" content=\"A familiar atmosphere, sincere hospitality and a rustic and classy ambience in a country house style welcome you to a stay in Hedendorf.\" \/>\n<meta property=\"og:url\" content=\"https:\/\/www.hotel-zur-eiche.de\/\" \/>\n<meta property=\"og:site_name\" content=\"Landhotel Zur Eiche\" \/>\n<meta property=\"article:modified_time\" content=\"2026-02-07T19:37:46+00:00\" \/>\n<meta name=\"twitter:card\" content=\"summary_large_image\" \/>\n<meta name=\"twitter:label1\" content=\"Est. reading time\" \/>\n\t<meta name=\"twitter:data1\" content=\"1 minute\" \/>\n<script type=\"application\/ld+json\" class=\"yoast-schema-graph\">{\"@context\":\"https:\/\/schema.org\",\"@graph\":[{\"@type\":\"WebPage\",\"@id\":\"https:\/\/www.hotel-zur-eiche.de\/\",\"url\":\"https:\/\/www.hotel-zur-eiche.de\/\",\"name\":\"Landhotel Zur Eiche | Altes Land | Buxtehude bei Hamburg\",\"isPartOf\":{\"@id\":\"https:\/\/www.hotel-zur-eiche.de\/#website\"},\"datePublished\":\"2016-10-07T07:45:33+00:00\",\"dateModified\":\"2026-02-07T19:37:46+00:00\",\"description\":\"Eine famili\u00e4re Atmosph\u00e4re und herzliche Gastlichkeit im Landhotel Zur Eiche laden zum Wohlf\u00fchlen in Buxtehude-Hedendorf am Rande des Alten Landes ein.\",\"breadcrumb\":{\"@id\":\"https:\/\/www.hotel-zur-eiche.de\/#breadcrumb\"},\"inLanguage\":\"en-US\",\"potentialAction\":[{\"@type\":\"ReadAction\",\"target\":[\"https:\/\/www.hotel-zur-eiche.de\/\"]}]},{\"@type\":\"BreadcrumbList\",\"@id\":\"https:\/\/www.hotel-zur-eiche.de\/#breadcrumb\",\"itemListElement\":[{\"@type\":\"ListItem\",\"position\":1,\"name\":\"Startseite\",\"item\":\"https:\/\/www.hotel-zur-eiche.de\/\"},{\"@type\":\"ListItem\",\"position\":2,\"name\":\"Landhotel Zur Eiche am Rande des Alten Landes\"}]},{\"@type\":\"WebSite\",\"@id\":\"https:\/\/www.hotel-zur-eiche.de\/#website\",\"url\":\"https:\/\/www.hotel-zur-eiche.de\/\",\"name\":\"Landhotel Zur Eiche\",\"description\":\"Eine famili\u00e4re Atmosph\u00e4re und herzliche Gastlichkeit im Landhotel zur Eiche laden zum Wohlf\u00fchlen in Hedendorf am Rande des Alten Landes ein.\",\"potentialAction\":[{\"@type\":\"SearchAction\",\"target\":{\"@type\":\"EntryPoint\",\"urlTemplate\":\"https:\/\/www.hotel-zur-eiche.de\/?s={search_term_string}\"},\"query-input\":{\"@type\":\"PropertyValueSpecification\",\"valueRequired\":true,\"valueName\":\"search_term_string\"}}],\"inLanguage\":\"en-US\"}]}<\/script>\n<!-- \/ Yoast SEO plugin. -->","yoast_head_json":{"title":"Landhotel zur Eiche | Country House Hotel | Near Hamburg","description":"A familiar atmosphere, sincere hospitality and a rustic and classy ambience in a country house style welcome you to a stay in Hedendorf.","robots":{"index":"index","follow":"follow","max-snippet":"max-snippet:-1","max-image-preview":"max-image-preview:large","max-video-preview":"max-video-preview:-1"},"canonical":"https:\/\/www.hotel-zur-eiche.de\/","og_locale":"en_US","og_type":"article","og_title":"Landhotel zur Eiche | Country House Hotel | Near Hamburg","og_description":"A familiar atmosphere, sincere hospitality and a rustic and classy ambience in a country house style welcome you to a stay in Hedendorf.","og_url":"https:\/\/www.hotel-zur-eiche.de\/","og_site_name":"Landhotel Zur Eiche","article_modified_time":"2026-02-07T19:37:46+00:00","twitter_card":"summary_large_image","twitter_misc":{"Est. reading time":"1 minute"},"schema":{"@context":"https:\/\/schema.org","@graph":[{"@type":"WebPage","@id":"https:\/\/www.hotel-zur-eiche.de\/","url":"https:\/\/www.hotel-zur-eiche.de\/","name":"Landhotel Zur Eiche | Altes Land | Buxtehude bei Hamburg","isPartOf":{"@id":"https:\/\/www.hotel-zur-eiche.de\/#website"},"datePublished":"2016-10-07T07:45:33+00:00","dateModified":"2026-02-07T19:37:46+00:00","description":"Eine famili\u00e4re Atmosph\u00e4re und herzliche Gastlichkeit im Landhotel Zur Eiche laden zum Wohlf\u00fchlen in Buxtehude-Hedendorf am Rande des Alten Landes ein.","breadcrumb":{"@id":"https:\/\/www.hotel-zur-eiche.de\/#breadcrumb"},"inLanguage":"en-US","potentialAction":[{"@type":"ReadAction","target":["https:\/\/www.hotel-zur-eiche.de\/"]}]},{"@type":"BreadcrumbList","@id":"https:\/\/www.hotel-zur-eiche.de\/#breadcrumb","itemListElement":[{"@type":"ListItem","position":1,"name":"Startseite","item":"https:\/\/www.hotel-zur-eiche.de\/"},{"@type":"ListItem","position":2,"name":"Landhotel Zur Eiche am Rande des Alten Landes"}]},{"@type":"WebSite","@id":"https:\/\/www.hotel-zur-eiche.de\/#website","url":"https:\/\/www.hotel-zur-eiche.de\/","name":"Landhotel Zur Eiche","description":"Eine famili\u00e4re Atmosph\u00e4re und herzliche Gastlichkeit im Landhotel zur Eiche laden zum Wohlf\u00fchlen in Hedendorf am Rande des Alten Landes ein.","potentialAction":[{"@type":"SearchAction","target":{"@type":"EntryPoint","urlTemplate":"https:\/\/www.hotel-zur-eiche.de\/?s={search_term_string}"},"query-input":{"@type":"PropertyValueSpecification","valueRequired":true,"valueName":"search_term_string"}}],"inLanguage":"en-US"}]}},"_links":{"self":[{"href":"https:\/\/www.hotel-zur-eiche.de\/en\/wp-json\/wp\/v2\/pages\/4"}],"collection":[{"href":"https:\/\/www.hotel-zur-eiche.de\/en\/wp-json\/wp\/v2\/pages"}],"about":[{"href":"https:\/\/www.hotel-zur-eiche.de\/en\/wp-json\/wp\/v2\/types\/page"}],"author":[{"embeddable":true,"href":"https:\/\/www.hotel-zur-eiche.de\/en\/wp-json\/wp\/v2\/users\/2"}],"replies":[{"embeddable":true,"href":"https:\/\/www.hotel-zur-eiche.de\/en\/wp-json\/wp\/v2\/comments?post=4"}],"version-history":[{"count":44,"href":"https:\/\/www.hotel-zur-eiche.de\/en\/wp-json\/wp\/v2\/pages\/4\/revisions"}],"predecessor-version":[{"id":3751,"href":"https:\/\/www.hotel-zur-eiche.de\/en\/wp-json\/wp\/v2\/pages\/4\/revisions\/3751"}],"wp:attachment":[{"href":"https:\/\/www.hotel-zur-eiche.de\/en\/wp-json\/wp\/v2\/media?parent=4"}],"curies":[{"name":"wp","href":"https:\/\/api.w.org\/{rel}","templated":true}]}}