{"id":51,"date":"2016-10-07T14:31:12","date_gmt":"2016-10-07T12:31:12","guid":{"rendered":"http:http:\/\/www.hotel-zur-eiche.de\/neu\/?page_id=51"},"modified":"2017-03-20T10:01:49","modified_gmt":"2017-03-20T09:01:49","slug":"kegelbahn","status":"publish","type":"page","link":"https:\/\/www.hotel-zur-eiche.de\/en\/feiern\/kegelbahn\/","title":{"rendered":"Bowling Alley"},"content":{"rendered":"<p>Bowling brings al lot of fun.\u00a0We offer our guests two well-groomed bowling alleys\u00a0with enough space for a community, a club and a tournament. By booking the bowling alleys you also get your private function room to enjoy snacks from our kitchen or a refreshing beer from the tap.<\/p>\n","protected":false},"excerpt":{"rendered":"<p>Bowling brings al lot of fun. We offer our guests two well-groomed bowling alleys with enough space for a community, a club and a tournament. By booking the bowling alleys you also get your private function room to enjoy snacks from our kitchen or a refreshing beer from the tap.<\/p>\n","protected":false},"author":2,"featured_media":355,"parent":12,"menu_order":-40,"comment_status":"closed","ping_status":"closed","template":"","meta":{"footnotes":""},"translation":{"provider":"WPGlobus","version":"2.12.2","language":"en","enabled_languages":["de","en"],"languages":{"de":{"title":true,"content":true,"excerpt":true},"en":{"title":true,"content":true,"excerpt":true}}},"acf":[],"yoast_head":"<!-- This site is optimized with the Yoast SEO plugin v23.5 - https:\/\/yoast.com\/wordpress\/plugins\/seo\/ -->\n<title>Bowling Alley - Landhotel Zur Eiche<\/title>\n<meta name=\"robots\" content=\"index, follow, max-snippet:-1, max-image-preview:large, max-video-preview:-1\" \/>\n<link rel=\"canonical\" href=\"https:\/\/www.hotel-zur-eiche.de\/feiern\/kegelbahn\/\" \/>\n<meta property=\"og:locale\" content=\"en_US\" \/>\n<meta property=\"og:type\" content=\"article\" \/>\n<meta property=\"og:title\" content=\"Bowling Alley - Landhotel Zur Eiche\" \/>\n<meta property=\"og:url\" content=\"https:\/\/www.hotel-zur-eiche.de\/feiern\/kegelbahn\/\" \/>\n<meta property=\"og:site_name\" content=\"Landhotel Zur Eiche\" \/>\n<meta property=\"article:modified_time\" content=\"2017-03-20T09:01:49+00:00\" \/>\n<meta property=\"og:image\" content=\"https:\/\/www.hotel-zur-eiche.de\/wp-content\/uploads\/2016\/10\/kegelbahn_landhotel.jpg\" \/>\n\t<meta property=\"og:image:width\" content=\"1300\" \/>\n\t<meta property=\"og:image:height\" content=\"800\" \/>\n\t<meta property=\"og:image:type\" content=\"image\/jpeg\" \/>\n<meta name=\"twitter:card\" content=\"summary_large_image\" \/>\n<meta name=\"twitter:label1\" content=\"Est. reading time\" \/>\n\t<meta name=\"twitter:data1\" content=\"1 minute\" \/>\n<script type=\"application\/ld+json\" class=\"yoast-schema-graph\">{\"@context\":\"https:\/\/schema.org\",\"@graph\":[{\"@type\":\"WebPage\",\"@id\":\"https:\/\/www.hotel-zur-eiche.de\/feiern\/kegelbahn\/\",\"url\":\"https:\/\/www.hotel-zur-eiche.de\/feiern\/kegelbahn\/\",\"name\":\"Bowling Alley - Landhotel Zur Eiche\",\"isPartOf\":{\"@id\":\"https:\/\/www.hotel-zur-eiche.de\/#website\"},\"primaryImageOfPage\":{\"@id\":\"https:\/\/www.hotel-zur-eiche.de\/feiern\/kegelbahn\/#primaryimage\"},\"image\":{\"@id\":\"https:\/\/www.hotel-zur-eiche.de\/feiern\/kegelbahn\/#primaryimage\"},\"thumbnailUrl\":\"https:\/\/www.hotel-zur-eiche.de\/wp-content\/uploads\/2016\/10\/kegelbahn_landhotel.jpg\",\"datePublished\":\"2016-10-07T12:31:12+00:00\",\"dateModified\":\"2017-03-20T09:01:49+00:00\",\"description\":\"Gemeinschaft, Sport, Freizeitvergn\u00fcgen und Kinderspa\u00df \u2013 unsere Kegelbahn ist f\u00fcr vieles zu haben und bietet f\u00fcr Gruppenreisen einen tollen Tagesausklang.\",\"breadcrumb\":{\"@id\":\"https:\/\/www.hotel-zur-eiche.de\/feiern\/kegelbahn\/#breadcrumb\"},\"inLanguage\":\"en-US\",\"potentialAction\":[{\"@type\":\"ReadAction\",\"target\":[\"https:\/\/www.hotel-zur-eiche.de\/feiern\/kegelbahn\/\"]}]},{\"@type\":\"ImageObject\",\"inLanguage\":\"en-US\",\"@id\":\"https:\/\/www.hotel-zur-eiche.de\/feiern\/kegelbahn\/#primaryimage\",\"url\":\"https:\/\/www.hotel-zur-eiche.de\/wp-content\/uploads\/2016\/10\/kegelbahn_landhotel.jpg\",\"contentUrl\":\"https:\/\/www.hotel-zur-eiche.de\/wp-content\/uploads\/2016\/10\/kegelbahn_landhotel.jpg\",\"width\":1300,\"height\":800,\"caption\":\"kegelbahn landhotel\"},{\"@type\":\"BreadcrumbList\",\"@id\":\"https:\/\/www.hotel-zur-eiche.de\/feiern\/kegelbahn\/#breadcrumb\",\"itemListElement\":[{\"@type\":\"ListItem\",\"position\":1,\"name\":\"Startseite\",\"item\":\"https:\/\/www.hotel-zur-eiche.de\/\"},{\"@type\":\"ListItem\",\"position\":2,\"name\":\"Feiern\",\"item\":\"https:\/\/www.hotel-zur-eiche.de\/feiern\/\"},{\"@type\":\"ListItem\",\"position\":3,\"name\":\"Kegelbahn\"}]},{\"@type\":\"WebSite\",\"@id\":\"https:\/\/www.hotel-zur-eiche.de\/#website\",\"url\":\"https:\/\/www.hotel-zur-eiche.de\/\",\"name\":\"Landhotel Zur Eiche\",\"description\":\"Eine famili\u00e4re Atmosph\u00e4re und herzliche Gastlichkeit im Landhotel zur Eiche laden zum Wohlf\u00fchlen in Hedendorf am Rande des Alten Landes ein.\",\"potentialAction\":[{\"@type\":\"SearchAction\",\"target\":{\"@type\":\"EntryPoint\",\"urlTemplate\":\"https:\/\/www.hotel-zur-eiche.de\/?s={search_term_string}\"},\"query-input\":{\"@type\":\"PropertyValueSpecification\",\"valueRequired\":true,\"valueName\":\"search_term_string\"}}],\"inLanguage\":\"en-US\"}]}<\/script>\n<!-- \/ Yoast SEO plugin. -->","yoast_head_json":{"title":"Bowling Alley - Landhotel Zur Eiche","robots":{"index":"index","follow":"follow","max-snippet":"max-snippet:-1","max-image-preview":"max-image-preview:large","max-video-preview":"max-video-preview:-1"},"canonical":"https:\/\/www.hotel-zur-eiche.de\/feiern\/kegelbahn\/","og_locale":"en_US","og_type":"article","og_title":"Bowling Alley - Landhotel Zur Eiche","og_url":"https:\/\/www.hotel-zur-eiche.de\/feiern\/kegelbahn\/","og_site_name":"Landhotel Zur Eiche","article_modified_time":"2017-03-20T09:01:49+00:00","og_image":[{"width":1300,"height":800,"url":"https:\/\/www.hotel-zur-eiche.de\/wp-content\/uploads\/2016\/10\/kegelbahn_landhotel.jpg","type":"image\/jpeg"}],"twitter_card":"summary_large_image","twitter_misc":{"Est. reading time":"1 minute"},"schema":{"@context":"https:\/\/schema.org","@graph":[{"@type":"WebPage","@id":"https:\/\/www.hotel-zur-eiche.de\/feiern\/kegelbahn\/","url":"https:\/\/www.hotel-zur-eiche.de\/feiern\/kegelbahn\/","name":"Bowling Alley - Landhotel Zur Eiche","isPartOf":{"@id":"https:\/\/www.hotel-zur-eiche.de\/#website"},"primaryImageOfPage":{"@id":"https:\/\/www.hotel-zur-eiche.de\/feiern\/kegelbahn\/#primaryimage"},"image":{"@id":"https:\/\/www.hotel-zur-eiche.de\/feiern\/kegelbahn\/#primaryimage"},"thumbnailUrl":"https:\/\/www.hotel-zur-eiche.de\/wp-content\/uploads\/2016\/10\/kegelbahn_landhotel.jpg","datePublished":"2016-10-07T12:31:12+00:00","dateModified":"2017-03-20T09:01:49+00:00","description":"Gemeinschaft, Sport, Freizeitvergn\u00fcgen und Kinderspa\u00df \u2013 unsere Kegelbahn ist f\u00fcr vieles zu haben und bietet f\u00fcr Gruppenreisen einen tollen Tagesausklang.","breadcrumb":{"@id":"https:\/\/www.hotel-zur-eiche.de\/feiern\/kegelbahn\/#breadcrumb"},"inLanguage":"en-US","potentialAction":[{"@type":"ReadAction","target":["https:\/\/www.hotel-zur-eiche.de\/feiern\/kegelbahn\/"]}]},{"@type":"ImageObject","inLanguage":"en-US","@id":"https:\/\/www.hotel-zur-eiche.de\/feiern\/kegelbahn\/#primaryimage","url":"https:\/\/www.hotel-zur-eiche.de\/wp-content\/uploads\/2016\/10\/kegelbahn_landhotel.jpg","contentUrl":"https:\/\/www.hotel-zur-eiche.de\/wp-content\/uploads\/2016\/10\/kegelbahn_landhotel.jpg","width":1300,"height":800,"caption":"kegelbahn landhotel"},{"@type":"BreadcrumbList","@id":"https:\/\/www.hotel-zur-eiche.de\/feiern\/kegelbahn\/#breadcrumb","itemListElement":[{"@type":"ListItem","position":1,"name":"Startseite","item":"https:\/\/www.hotel-zur-eiche.de\/"},{"@type":"ListItem","position":2,"name":"Feiern","item":"https:\/\/www.hotel-zur-eiche.de\/feiern\/"},{"@type":"ListItem","position":3,"name":"Kegelbahn"}]},{"@type":"WebSite","@id":"https:\/\/www.hotel-zur-eiche.de\/#website","url":"https:\/\/www.hotel-zur-eiche.de\/","name":"Landhotel Zur Eiche","description":"Eine famili\u00e4re Atmosph\u00e4re und herzliche Gastlichkeit im Landhotel zur Eiche laden zum Wohlf\u00fchlen in Hedendorf am Rande des Alten Landes ein.","potentialAction":[{"@type":"SearchAction","target":{"@type":"EntryPoint","urlTemplate":"https:\/\/www.hotel-zur-eiche.de\/?s={search_term_string}"},"query-input":{"@type":"PropertyValueSpecification","valueRequired":true,"valueName":"search_term_string"}}],"inLanguage":"en-US"}]}},"_links":{"self":[{"href":"https:\/\/www.hotel-zur-eiche.de\/en\/wp-json\/wp\/v2\/pages\/51"}],"collection":[{"href":"https:\/\/www.hotel-zur-eiche.de\/en\/wp-json\/wp\/v2\/pages"}],"about":[{"href":"https:\/\/www.hotel-zur-eiche.de\/en\/wp-json\/wp\/v2\/types\/page"}],"author":[{"embeddable":true,"href":"https:\/\/www.hotel-zur-eiche.de\/en\/wp-json\/wp\/v2\/users\/2"}],"replies":[{"embeddable":true,"href":"https:\/\/www.hotel-zur-eiche.de\/en\/wp-json\/wp\/v2\/comments?post=51"}],"version-history":[{"count":0,"href":"https:\/\/www.hotel-zur-eiche.de\/en\/wp-json\/wp\/v2\/pages\/51\/revisions"}],"up":[{"embeddable":true,"href":"https:\/\/www.hotel-zur-eiche.de\/en\/wp-json\/wp\/v2\/pages\/12"}],"wp:featuredmedia":[{"embeddable":true,"href":"https:\/\/www.hotel-zur-eiche.de\/en\/wp-json\/wp\/v2\/media\/355"}],"wp:attachment":[{"href":"https:\/\/www.hotel-zur-eiche.de\/en\/wp-json\/wp\/v2\/media?parent=51"}],"curies":[{"name":"wp","href":"https:\/\/api.w.org\/{rel}","templated":true}]}}