{"id":53,"date":"2016-10-07T14:31:40","date_gmt":"2016-10-07T12:31:40","guid":{"rendered":"http:http:\/\/www.hotel-zur-eiche.de\/neu\/?page_id=53"},"modified":"2025-11-12T19:29:55","modified_gmt":"2025-11-12T18:29:55","slug":"menuevorschlaege-pauschalen","status":"publish","type":"page","link":"https:\/\/www.hotel-zur-eiche.de\/en\/feiern\/menuevorschlaege-pauschalen\/","title":{"rendered":"Menu &#038; Buffet Offers"},"content":{"rendered":"<p>We provide the perfect setting for any occasion. Benefit from our long standing family experience and look forward to an exclusive event that your guests will remember.<\/p>\n<p>Enjoy our professional service as well as best quality of our local dishes.<\/p>\n<p>Please contact us for further information.<\/p>\n","protected":false},"excerpt":{"rendered":"<p>We provide the perfect setting for any occasion. Benefit from our long standing family experience and look forward to an exclusive event that your guests will remember. Enjoy our professional service as well as best quality of our local dishes. Please contact us for further information.<\/p>\n","protected":false},"author":2,"featured_media":0,"parent":12,"menu_order":0,"comment_status":"closed","ping_status":"closed","template":"","meta":{"footnotes":""},"translation":{"provider":"WPGlobus","version":"2.12.2","language":"en","enabled_languages":["de","en"],"languages":{"de":{"title":true,"content":true,"excerpt":false},"en":{"title":true,"content":true,"excerpt":false}}},"acf":[],"yoast_head":"<!-- This site is optimized with the Yoast SEO plugin v23.5 - https:\/\/yoast.com\/wordpress\/plugins\/seo\/ -->\n<title>Menu &amp; Buffet Offers - Landhotel Zur Eiche<\/title>\n<meta name=\"robots\" content=\"index, follow, max-snippet:-1, max-image-preview:large, max-video-preview:-1\" \/>\n<link rel=\"canonical\" href=\"https:\/\/www.hotel-zur-eiche.de\/feiern\/menuevorschlaege-pauschalen\/\" \/>\n<meta property=\"og:locale\" content=\"en_US\" \/>\n<meta property=\"og:type\" content=\"article\" \/>\n<meta property=\"og:title\" content=\"Menu &amp; Buffet Offers - Landhotel Zur Eiche\" \/>\n<meta property=\"og:url\" content=\"https:\/\/www.hotel-zur-eiche.de\/feiern\/menuevorschlaege-pauschalen\/\" \/>\n<meta property=\"og:site_name\" content=\"Landhotel Zur Eiche\" \/>\n<meta property=\"article:modified_time\" content=\"2025-11-12T18:29:55+00:00\" \/>\n<meta name=\"twitter:card\" content=\"summary_large_image\" \/>\n<meta name=\"twitter:label1\" content=\"Est. reading time\" \/>\n\t<meta name=\"twitter:data1\" content=\"1 minute\" \/>\n<script type=\"application\/ld+json\" class=\"yoast-schema-graph\">{\"@context\":\"https:\/\/schema.org\",\"@graph\":[{\"@type\":\"WebPage\",\"@id\":\"https:\/\/www.hotel-zur-eiche.de\/feiern\/menuevorschlaege-pauschalen\/\",\"url\":\"https:\/\/www.hotel-zur-eiche.de\/feiern\/menuevorschlaege-pauschalen\/\",\"name\":\"Menu & Buffet Offers - Landhotel Zur Eiche\",\"isPartOf\":{\"@id\":\"https:\/\/www.hotel-zur-eiche.de\/#website\"},\"datePublished\":\"2016-10-07T12:31:40+00:00\",\"dateModified\":\"2025-11-12T18:29:55+00:00\",\"description\":\"\u201eStimmung wie in einer gro\u00dfen Familie\u201c, sagte just ein Gast, so wird in Hedendorf nun seit \u00fcber 100 Jahren Gastronomie gemacht.\",\"breadcrumb\":{\"@id\":\"https:\/\/www.hotel-zur-eiche.de\/feiern\/menuevorschlaege-pauschalen\/#breadcrumb\"},\"inLanguage\":\"en-US\",\"potentialAction\":[{\"@type\":\"ReadAction\",\"target\":[\"https:\/\/www.hotel-zur-eiche.de\/feiern\/menuevorschlaege-pauschalen\/\"]}]},{\"@type\":\"BreadcrumbList\",\"@id\":\"https:\/\/www.hotel-zur-eiche.de\/feiern\/menuevorschlaege-pauschalen\/#breadcrumb\",\"itemListElement\":[{\"@type\":\"ListItem\",\"position\":1,\"name\":\"Startseite\",\"item\":\"https:\/\/www.hotel-zur-eiche.de\/\"},{\"@type\":\"ListItem\",\"position\":2,\"name\":\"Feiern\",\"item\":\"https:\/\/www.hotel-zur-eiche.de\/feiern\/\"},{\"@type\":\"ListItem\",\"position\":3,\"name\":\"Men\u00fc- &#038; Buffetvorschl\u00e4ge\"}]},{\"@type\":\"WebSite\",\"@id\":\"https:\/\/www.hotel-zur-eiche.de\/#website\",\"url\":\"https:\/\/www.hotel-zur-eiche.de\/\",\"name\":\"Landhotel Zur Eiche\",\"description\":\"Eine famili\u00e4re Atmosph\u00e4re und herzliche Gastlichkeit im Landhotel zur Eiche laden zum Wohlf\u00fchlen in Hedendorf am Rande des Alten Landes ein.\",\"potentialAction\":[{\"@type\":\"SearchAction\",\"target\":{\"@type\":\"EntryPoint\",\"urlTemplate\":\"https:\/\/www.hotel-zur-eiche.de\/?s={search_term_string}\"},\"query-input\":{\"@type\":\"PropertyValueSpecification\",\"valueRequired\":true,\"valueName\":\"search_term_string\"}}],\"inLanguage\":\"en-US\"}]}<\/script>\n<!-- \/ Yoast SEO plugin. -->","yoast_head_json":{"title":"Menu & Buffet Offers - Landhotel Zur Eiche","robots":{"index":"index","follow":"follow","max-snippet":"max-snippet:-1","max-image-preview":"max-image-preview:large","max-video-preview":"max-video-preview:-1"},"canonical":"https:\/\/www.hotel-zur-eiche.de\/feiern\/menuevorschlaege-pauschalen\/","og_locale":"en_US","og_type":"article","og_title":"Menu & Buffet Offers - Landhotel Zur Eiche","og_url":"https:\/\/www.hotel-zur-eiche.de\/feiern\/menuevorschlaege-pauschalen\/","og_site_name":"Landhotel Zur Eiche","article_modified_time":"2025-11-12T18:29:55+00:00","twitter_card":"summary_large_image","twitter_misc":{"Est. reading time":"1 minute"},"schema":{"@context":"https:\/\/schema.org","@graph":[{"@type":"WebPage","@id":"https:\/\/www.hotel-zur-eiche.de\/feiern\/menuevorschlaege-pauschalen\/","url":"https:\/\/www.hotel-zur-eiche.de\/feiern\/menuevorschlaege-pauschalen\/","name":"Menu & Buffet Offers - Landhotel Zur Eiche","isPartOf":{"@id":"https:\/\/www.hotel-zur-eiche.de\/#website"},"datePublished":"2016-10-07T12:31:40+00:00","dateModified":"2025-11-12T18:29:55+00:00","description":"\u201eStimmung wie in einer gro\u00dfen Familie\u201c, sagte just ein Gast, so wird in Hedendorf nun seit \u00fcber 100 Jahren Gastronomie gemacht.","breadcrumb":{"@id":"https:\/\/www.hotel-zur-eiche.de\/feiern\/menuevorschlaege-pauschalen\/#breadcrumb"},"inLanguage":"en-US","potentialAction":[{"@type":"ReadAction","target":["https:\/\/www.hotel-zur-eiche.de\/feiern\/menuevorschlaege-pauschalen\/"]}]},{"@type":"BreadcrumbList","@id":"https:\/\/www.hotel-zur-eiche.de\/feiern\/menuevorschlaege-pauschalen\/#breadcrumb","itemListElement":[{"@type":"ListItem","position":1,"name":"Startseite","item":"https:\/\/www.hotel-zur-eiche.de\/"},{"@type":"ListItem","position":2,"name":"Feiern","item":"https:\/\/www.hotel-zur-eiche.de\/feiern\/"},{"@type":"ListItem","position":3,"name":"Men\u00fc- &#038; Buffetvorschl\u00e4ge"}]},{"@type":"WebSite","@id":"https:\/\/www.hotel-zur-eiche.de\/#website","url":"https:\/\/www.hotel-zur-eiche.de\/","name":"Landhotel Zur Eiche","description":"Eine famili\u00e4re Atmosph\u00e4re und herzliche Gastlichkeit im Landhotel zur Eiche laden zum Wohlf\u00fchlen in Hedendorf am Rande des Alten Landes ein.","potentialAction":[{"@type":"SearchAction","target":{"@type":"EntryPoint","urlTemplate":"https:\/\/www.hotel-zur-eiche.de\/?s={search_term_string}"},"query-input":{"@type":"PropertyValueSpecification","valueRequired":true,"valueName":"search_term_string"}}],"inLanguage":"en-US"}]}},"_links":{"self":[{"href":"https:\/\/www.hotel-zur-eiche.de\/en\/wp-json\/wp\/v2\/pages\/53"}],"collection":[{"href":"https:\/\/www.hotel-zur-eiche.de\/en\/wp-json\/wp\/v2\/pages"}],"about":[{"href":"https:\/\/www.hotel-zur-eiche.de\/en\/wp-json\/wp\/v2\/types\/page"}],"author":[{"embeddable":true,"href":"https:\/\/www.hotel-zur-eiche.de\/en\/wp-json\/wp\/v2\/users\/2"}],"replies":[{"embeddable":true,"href":"https:\/\/www.hotel-zur-eiche.de\/en\/wp-json\/wp\/v2\/comments?post=53"}],"version-history":[{"count":21,"href":"https:\/\/www.hotel-zur-eiche.de\/en\/wp-json\/wp\/v2\/pages\/53\/revisions"}],"predecessor-version":[{"id":3722,"href":"https:\/\/www.hotel-zur-eiche.de\/en\/wp-json\/wp\/v2\/pages\/53\/revisions\/3722"}],"up":[{"embeddable":true,"href":"https:\/\/www.hotel-zur-eiche.de\/en\/wp-json\/wp\/v2\/pages\/12"}],"wp:attachment":[{"href":"https:\/\/www.hotel-zur-eiche.de\/en\/wp-json\/wp\/v2\/media?parent=53"}],"curies":[{"name":"wp","href":"https:\/\/api.w.org\/{rel}","templated":true}]}}