{"id":55,"date":"2016-10-07T14:32:19","date_gmt":"2016-10-07T12:32:19","guid":{"rendered":"http:http:\/\/www.hotel-zur-eiche.de\/neu\/?page_id=55"},"modified":"2026-01-13T19:23:47","modified_gmt":"2026-01-13T18:23:47","slug":"hochzeiten","status":"publish","type":"page","link":"https:\/\/www.hotel-zur-eiche.de\/en\/feiern\/hochzeiten\/","title":{"rendered":"Weddings"},"content":{"rendered":"<p>\u201cLove does not consist of gazing at each other, but in looking outward together in the same direction.\u201d &#8211; Antoine de Saint-Exup\u00e9ry<\/p>\n<p>It\u2019s the happiest day of your life. So stress is the last thing you need<strong>. <\/strong>No stone will be left unturned to make your day truly special. With culinary delicacies, charming decorations and very personal details your wedding is bound to be a splendid and unforgettable day.<\/p>\n<p><a class=\"pdflink\" href=\"http:\/\/www.hotel-zur-eiche.de\/wp-content\/uploads\/2017\/02\/Bankettmappe-Hochzeiten-0117.pdf\" target=\"_blank\" rel=\"noopener noreferrer\">Menu wedding<\/a><\/p>\n","protected":false},"excerpt":{"rendered":"<p>\u201cLove does not consist of gazing at each other, but in looking outward together in the same direction.\u201d &#8211; Antoine de Saint-Exup\u00e9ry It\u2019s the happiest day of your life. So stress is the last thing you need. No stone will be left unturned to make your day truly special. With culinary delicacies, charming decorations and [&hellip;]<\/p>\n","protected":false},"author":2,"featured_media":0,"parent":12,"menu_order":0,"comment_status":"closed","ping_status":"closed","template":"","meta":{"footnotes":""},"translation":{"provider":"WPGlobus","version":"2.12.2","language":"en","enabled_languages":["de","en"],"languages":{"de":{"title":true,"content":true,"excerpt":false},"en":{"title":true,"content":true,"excerpt":false}}},"acf":[],"yoast_head":"<!-- This site is optimized with the Yoast SEO plugin v23.5 - https:\/\/yoast.com\/wordpress\/plugins\/seo\/ -->\n<title>Weddings - Landhotel Zur Eiche<\/title>\n<meta name=\"robots\" content=\"index, follow, max-snippet:-1, max-image-preview:large, max-video-preview:-1\" \/>\n<link rel=\"canonical\" href=\"https:\/\/www.hotel-zur-eiche.de\/feiern\/hochzeiten\/\" \/>\n<meta property=\"og:locale\" content=\"en_US\" \/>\n<meta property=\"og:type\" content=\"article\" \/>\n<meta property=\"og:title\" content=\"Weddings - Landhotel Zur Eiche\" \/>\n<meta property=\"og:url\" content=\"https:\/\/www.hotel-zur-eiche.de\/feiern\/hochzeiten\/\" \/>\n<meta property=\"og:site_name\" content=\"Landhotel Zur Eiche\" \/>\n<meta property=\"article:modified_time\" content=\"2026-01-13T18:23:47+00:00\" \/>\n<meta name=\"twitter:card\" content=\"summary_large_image\" \/>\n<meta name=\"twitter:label1\" content=\"Est. reading time\" \/>\n\t<meta name=\"twitter:data1\" content=\"1 minute\" \/>\n<script type=\"application\/ld+json\" class=\"yoast-schema-graph\">{\"@context\":\"https:\/\/schema.org\",\"@graph\":[{\"@type\":\"WebPage\",\"@id\":\"https:\/\/www.hotel-zur-eiche.de\/feiern\/hochzeiten\/\",\"url\":\"https:\/\/www.hotel-zur-eiche.de\/feiern\/hochzeiten\/\",\"name\":\"Weddings - Landhotel Zur Eiche\",\"isPartOf\":{\"@id\":\"https:\/\/www.hotel-zur-eiche.de\/#website\"},\"datePublished\":\"2016-10-07T12:32:19+00:00\",\"dateModified\":\"2026-01-13T18:23:47+00:00\",\"description\":\"Die R\u00e4umlichkeiten bieten f\u00fcr verschiedenste Hochzeitsgesellschaften sowohl von der Gr\u00f6\u00dfe, als auch vom Ambiente her den richtigen Rahmen f\u00fcr Ihre Hochzeit.\",\"breadcrumb\":{\"@id\":\"https:\/\/www.hotel-zur-eiche.de\/feiern\/hochzeiten\/#breadcrumb\"},\"inLanguage\":\"en-US\",\"potentialAction\":[{\"@type\":\"ReadAction\",\"target\":[\"https:\/\/www.hotel-zur-eiche.de\/feiern\/hochzeiten\/\"]}]},{\"@type\":\"BreadcrumbList\",\"@id\":\"https:\/\/www.hotel-zur-eiche.de\/feiern\/hochzeiten\/#breadcrumb\",\"itemListElement\":[{\"@type\":\"ListItem\",\"position\":1,\"name\":\"Startseite\",\"item\":\"https:\/\/www.hotel-zur-eiche.de\/\"},{\"@type\":\"ListItem\",\"position\":2,\"name\":\"Feiern\",\"item\":\"https:\/\/www.hotel-zur-eiche.de\/feiern\/\"},{\"@type\":\"ListItem\",\"position\":3,\"name\":\"Hochzeiten\"}]},{\"@type\":\"WebSite\",\"@id\":\"https:\/\/www.hotel-zur-eiche.de\/#website\",\"url\":\"https:\/\/www.hotel-zur-eiche.de\/\",\"name\":\"Landhotel Zur Eiche\",\"description\":\"Eine famili\u00e4re Atmosph\u00e4re und herzliche Gastlichkeit im Landhotel zur Eiche laden zum Wohlf\u00fchlen in Hedendorf am Rande des Alten Landes ein.\",\"potentialAction\":[{\"@type\":\"SearchAction\",\"target\":{\"@type\":\"EntryPoint\",\"urlTemplate\":\"https:\/\/www.hotel-zur-eiche.de\/?s={search_term_string}\"},\"query-input\":{\"@type\":\"PropertyValueSpecification\",\"valueRequired\":true,\"valueName\":\"search_term_string\"}}],\"inLanguage\":\"en-US\"}]}<\/script>\n<!-- \/ Yoast SEO plugin. -->","yoast_head_json":{"title":"Weddings - Landhotel Zur Eiche","robots":{"index":"index","follow":"follow","max-snippet":"max-snippet:-1","max-image-preview":"max-image-preview:large","max-video-preview":"max-video-preview:-1"},"canonical":"https:\/\/www.hotel-zur-eiche.de\/feiern\/hochzeiten\/","og_locale":"en_US","og_type":"article","og_title":"Weddings - Landhotel Zur Eiche","og_url":"https:\/\/www.hotel-zur-eiche.de\/feiern\/hochzeiten\/","og_site_name":"Landhotel Zur Eiche","article_modified_time":"2026-01-13T18:23:47+00:00","twitter_card":"summary_large_image","twitter_misc":{"Est. reading time":"1 minute"},"schema":{"@context":"https:\/\/schema.org","@graph":[{"@type":"WebPage","@id":"https:\/\/www.hotel-zur-eiche.de\/feiern\/hochzeiten\/","url":"https:\/\/www.hotel-zur-eiche.de\/feiern\/hochzeiten\/","name":"Weddings - Landhotel Zur Eiche","isPartOf":{"@id":"https:\/\/www.hotel-zur-eiche.de\/#website"},"datePublished":"2016-10-07T12:32:19+00:00","dateModified":"2026-01-13T18:23:47+00:00","description":"Die R\u00e4umlichkeiten bieten f\u00fcr verschiedenste Hochzeitsgesellschaften sowohl von der Gr\u00f6\u00dfe, als auch vom Ambiente her den richtigen Rahmen f\u00fcr Ihre Hochzeit.","breadcrumb":{"@id":"https:\/\/www.hotel-zur-eiche.de\/feiern\/hochzeiten\/#breadcrumb"},"inLanguage":"en-US","potentialAction":[{"@type":"ReadAction","target":["https:\/\/www.hotel-zur-eiche.de\/feiern\/hochzeiten\/"]}]},{"@type":"BreadcrumbList","@id":"https:\/\/www.hotel-zur-eiche.de\/feiern\/hochzeiten\/#breadcrumb","itemListElement":[{"@type":"ListItem","position":1,"name":"Startseite","item":"https:\/\/www.hotel-zur-eiche.de\/"},{"@type":"ListItem","position":2,"name":"Feiern","item":"https:\/\/www.hotel-zur-eiche.de\/feiern\/"},{"@type":"ListItem","position":3,"name":"Hochzeiten"}]},{"@type":"WebSite","@id":"https:\/\/www.hotel-zur-eiche.de\/#website","url":"https:\/\/www.hotel-zur-eiche.de\/","name":"Landhotel Zur Eiche","description":"Eine famili\u00e4re Atmosph\u00e4re und herzliche Gastlichkeit im Landhotel zur Eiche laden zum Wohlf\u00fchlen in Hedendorf am Rande des Alten Landes ein.","potentialAction":[{"@type":"SearchAction","target":{"@type":"EntryPoint","urlTemplate":"https:\/\/www.hotel-zur-eiche.de\/?s={search_term_string}"},"query-input":{"@type":"PropertyValueSpecification","valueRequired":true,"valueName":"search_term_string"}}],"inLanguage":"en-US"}]}},"_links":{"self":[{"href":"https:\/\/www.hotel-zur-eiche.de\/en\/wp-json\/wp\/v2\/pages\/55"}],"collection":[{"href":"https:\/\/www.hotel-zur-eiche.de\/en\/wp-json\/wp\/v2\/pages"}],"about":[{"href":"https:\/\/www.hotel-zur-eiche.de\/en\/wp-json\/wp\/v2\/types\/page"}],"author":[{"embeddable":true,"href":"https:\/\/www.hotel-zur-eiche.de\/en\/wp-json\/wp\/v2\/users\/2"}],"replies":[{"embeddable":true,"href":"https:\/\/www.hotel-zur-eiche.de\/en\/wp-json\/wp\/v2\/comments?post=55"}],"version-history":[{"count":11,"href":"https:\/\/www.hotel-zur-eiche.de\/en\/wp-json\/wp\/v2\/pages\/55\/revisions"}],"predecessor-version":[{"id":3737,"href":"https:\/\/www.hotel-zur-eiche.de\/en\/wp-json\/wp\/v2\/pages\/55\/revisions\/3737"}],"up":[{"embeddable":true,"href":"https:\/\/www.hotel-zur-eiche.de\/en\/wp-json\/wp\/v2\/pages\/12"}],"wp:attachment":[{"href":"https:\/\/www.hotel-zur-eiche.de\/en\/wp-json\/wp\/v2\/media?parent=55"}],"curies":[{"name":"wp","href":"https:\/\/api.w.org\/{rel}","templated":true}]}}