{"id":67,"date":"2016-10-07T14:35:49","date_gmt":"2016-10-07T12:35:49","guid":{"rendered":"http:http:\/\/www.hotel-zur-eiche.de\/neu\/?page_id=67"},"modified":"2017-03-09T14:42:30","modified_gmt":"2017-03-09T13:42:30","slug":"umgebung","status":"publish","type":"page","link":"https:\/\/www.hotel-zur-eiche.de\/en\/informationen\/umgebung\/","title":{"rendered":"Surrounding Area"},"content":{"rendered":"<p>Different small and big cities, regions and landscapes will surely meet your needs!<br \/>\nDue to our central location, you get very quickly to the Hanseatic city of Hamburg, Stade or the fairytale city Buxtehude. Cuxhaven, together with its mudflat and its island named \u201cNeuwerk\u201d, is only 100 km away. L\u00fcbeck and L\u00fcneburg are good destinations for a day trip.<br \/>\nLuneburg Heath awaits you with a landscape completely different to ours in Altes Land. The other side of the Elbe attracts visitors with its marshland around Wedel, a very flat landscape, which can serve as a part of a bike trip.<\/p>\n<p>All these are cities or regions located directly around Altes Land and are worth visiting. As a result you will recognize that one visit only is not enough to discover the variety of our region.<\/p>\n","protected":false},"excerpt":{"rendered":"<p>Different small and big cities, regions and landscapes will surely meet your needs! Due to our central location, you get very quickly to the Hanseatic city of Hamburg, Stade or the fairytale city Buxtehude. Cuxhaven, together with its mudflat and its island named \u201cNeuwerk\u201d, is only 100 km away. L\u00fcbeck and L\u00fcneburg are good destinations [&hellip;]<\/p>\n","protected":false},"author":2,"featured_media":948,"parent":16,"menu_order":0,"comment_status":"closed","ping_status":"closed","template":"","meta":{"footnotes":""},"translation":{"provider":"WPGlobus","version":"2.12.2","language":"en","enabled_languages":["de","en"],"languages":{"de":{"title":true,"content":true,"excerpt":false},"en":{"title":true,"content":true,"excerpt":false}}},"acf":[],"yoast_head":"<!-- This site is optimized with the Yoast SEO plugin v23.5 - https:\/\/yoast.com\/wordpress\/plugins\/seo\/ -->\n<title>Surrounding Area - Landhotel Zur Eiche<\/title>\n<meta name=\"robots\" content=\"index, follow, max-snippet:-1, max-image-preview:large, max-video-preview:-1\" \/>\n<link rel=\"canonical\" href=\"https:\/\/www.hotel-zur-eiche.de\/en\/informationen\/umgebung\/\" \/>\n<meta property=\"og:locale\" content=\"en_US\" \/>\n<meta property=\"og:type\" content=\"article\" \/>\n<meta property=\"og:title\" content=\"Surrounding Area - Landhotel Zur Eiche\" \/>\n<meta property=\"og:url\" content=\"https:\/\/www.hotel-zur-eiche.de\/en\/informationen\/umgebung\/\" \/>\n<meta property=\"og:site_name\" content=\"Landhotel Zur Eiche\" \/>\n<meta property=\"article:modified_time\" content=\"2017-03-09T13:42:30+00:00\" \/>\n<meta property=\"og:image\" content=\"https:\/\/www.hotel-zur-eiche.de\/wp-content\/uploads\/2017\/01\/hotel-hamburg-umgebung-buxtehude.jpg\" \/>\n\t<meta property=\"og:image:width\" content=\"1300\" \/>\n\t<meta property=\"og:image:height\" content=\"800\" \/>\n\t<meta property=\"og:image:type\" content=\"image\/jpeg\" \/>\n<meta name=\"twitter:card\" content=\"summary_large_image\" \/>\n<meta name=\"twitter:label1\" content=\"Est. reading time\" \/>\n\t<meta name=\"twitter:data1\" content=\"1 minute\" \/>\n<script type=\"application\/ld+json\" class=\"yoast-schema-graph\">{\"@context\":\"https:\/\/schema.org\",\"@graph\":[{\"@type\":\"WebPage\",\"@id\":\"https:\/\/www.hotel-zur-eiche.de\/en\/informationen\/umgebung\/\",\"url\":\"https:\/\/www.hotel-zur-eiche.de\/en\/informationen\/umgebung\/\",\"name\":\"Surrounding Area - Landhotel Zur Eiche\",\"isPartOf\":{\"@id\":\"https:\/\/www.hotel-zur-eiche.de\/#website\"},\"primaryImageOfPage\":{\"@id\":\"https:\/\/www.hotel-zur-eiche.de\/en\/informationen\/umgebung\/#primaryimage\"},\"image\":{\"@id\":\"https:\/\/www.hotel-zur-eiche.de\/en\/informationen\/umgebung\/#primaryimage\"},\"thumbnailUrl\":\"https:\/\/www.hotel-zur-eiche.de\/wp-content\/uploads\/2017\/01\/hotel-hamburg-umgebung-buxtehude.jpg\",\"datePublished\":\"2016-10-07T12:35:49+00:00\",\"dateModified\":\"2017-03-09T13:42:30+00:00\",\"breadcrumb\":{\"@id\":\"https:\/\/www.hotel-zur-eiche.de\/en\/informationen\/umgebung\/#breadcrumb\"},\"inLanguage\":\"en-US\",\"potentialAction\":[{\"@type\":\"ReadAction\",\"target\":[\"https:\/\/www.hotel-zur-eiche.de\/en\/informationen\/umgebung\/\"]}]},{\"@type\":\"ImageObject\",\"inLanguage\":\"en-US\",\"@id\":\"https:\/\/www.hotel-zur-eiche.de\/en\/informationen\/umgebung\/#primaryimage\",\"url\":\"https:\/\/www.hotel-zur-eiche.de\/wp-content\/uploads\/2017\/01\/hotel-hamburg-umgebung-buxtehude.jpg\",\"contentUrl\":\"https:\/\/www.hotel-zur-eiche.de\/wp-content\/uploads\/2017\/01\/hotel-hamburg-umgebung-buxtehude.jpg\",\"width\":1300,\"height\":800},{\"@type\":\"BreadcrumbList\",\"@id\":\"https:\/\/www.hotel-zur-eiche.de\/en\/informationen\/umgebung\/#breadcrumb\",\"itemListElement\":[{\"@type\":\"ListItem\",\"position\":1,\"name\":\"Startseite\",\"item\":\"https:\/\/www.hotel-zur-eiche.de\/\"},{\"@type\":\"ListItem\",\"position\":2,\"name\":\"Information\",\"item\":\"https:\/\/www.hotel-zur-eiche.de\/en\/informationen\/\"},{\"@type\":\"ListItem\",\"position\":3,\"name\":\"Surrounding Area\"}]},{\"@type\":\"WebSite\",\"@id\":\"https:\/\/www.hotel-zur-eiche.de\/#website\",\"url\":\"https:\/\/www.hotel-zur-eiche.de\/\",\"name\":\"Landhotel Zur Eiche\",\"description\":\"Eine famili\u00e4re Atmosph\u00e4re und herzliche Gastlichkeit im Landhotel zur Eiche laden zum Wohlf\u00fchlen in Hedendorf am Rande des Alten Landes ein.\",\"potentialAction\":[{\"@type\":\"SearchAction\",\"target\":{\"@type\":\"EntryPoint\",\"urlTemplate\":\"https:\/\/www.hotel-zur-eiche.de\/?s={search_term_string}\"},\"query-input\":{\"@type\":\"PropertyValueSpecification\",\"valueRequired\":true,\"valueName\":\"search_term_string\"}}],\"inLanguage\":\"en-US\"}]}<\/script>\n<!-- \/ Yoast SEO plugin. -->","yoast_head_json":{"title":"Surrounding Area - Landhotel Zur Eiche","robots":{"index":"index","follow":"follow","max-snippet":"max-snippet:-1","max-image-preview":"max-image-preview:large","max-video-preview":"max-video-preview:-1"},"canonical":"https:\/\/www.hotel-zur-eiche.de\/en\/informationen\/umgebung\/","og_locale":"en_US","og_type":"article","og_title":"Surrounding Area - Landhotel Zur Eiche","og_url":"https:\/\/www.hotel-zur-eiche.de\/en\/informationen\/umgebung\/","og_site_name":"Landhotel Zur Eiche","article_modified_time":"2017-03-09T13:42:30+00:00","og_image":[{"width":1300,"height":800,"url":"https:\/\/www.hotel-zur-eiche.de\/wp-content\/uploads\/2017\/01\/hotel-hamburg-umgebung-buxtehude.jpg","type":"image\/jpeg"}],"twitter_card":"summary_large_image","twitter_misc":{"Est. reading time":"1 minute"},"schema":{"@context":"https:\/\/schema.org","@graph":[{"@type":"WebPage","@id":"https:\/\/www.hotel-zur-eiche.de\/en\/informationen\/umgebung\/","url":"https:\/\/www.hotel-zur-eiche.de\/en\/informationen\/umgebung\/","name":"Surrounding Area - Landhotel Zur Eiche","isPartOf":{"@id":"https:\/\/www.hotel-zur-eiche.de\/#website"},"primaryImageOfPage":{"@id":"https:\/\/www.hotel-zur-eiche.de\/en\/informationen\/umgebung\/#primaryimage"},"image":{"@id":"https:\/\/www.hotel-zur-eiche.de\/en\/informationen\/umgebung\/#primaryimage"},"thumbnailUrl":"https:\/\/www.hotel-zur-eiche.de\/wp-content\/uploads\/2017\/01\/hotel-hamburg-umgebung-buxtehude.jpg","datePublished":"2016-10-07T12:35:49+00:00","dateModified":"2017-03-09T13:42:30+00:00","breadcrumb":{"@id":"https:\/\/www.hotel-zur-eiche.de\/en\/informationen\/umgebung\/#breadcrumb"},"inLanguage":"en-US","potentialAction":[{"@type":"ReadAction","target":["https:\/\/www.hotel-zur-eiche.de\/en\/informationen\/umgebung\/"]}]},{"@type":"ImageObject","inLanguage":"en-US","@id":"https:\/\/www.hotel-zur-eiche.de\/en\/informationen\/umgebung\/#primaryimage","url":"https:\/\/www.hotel-zur-eiche.de\/wp-content\/uploads\/2017\/01\/hotel-hamburg-umgebung-buxtehude.jpg","contentUrl":"https:\/\/www.hotel-zur-eiche.de\/wp-content\/uploads\/2017\/01\/hotel-hamburg-umgebung-buxtehude.jpg","width":1300,"height":800},{"@type":"BreadcrumbList","@id":"https:\/\/www.hotel-zur-eiche.de\/en\/informationen\/umgebung\/#breadcrumb","itemListElement":[{"@type":"ListItem","position":1,"name":"Startseite","item":"https:\/\/www.hotel-zur-eiche.de\/"},{"@type":"ListItem","position":2,"name":"Information","item":"https:\/\/www.hotel-zur-eiche.de\/en\/informationen\/"},{"@type":"ListItem","position":3,"name":"Surrounding Area"}]},{"@type":"WebSite","@id":"https:\/\/www.hotel-zur-eiche.de\/#website","url":"https:\/\/www.hotel-zur-eiche.de\/","name":"Landhotel Zur Eiche","description":"Eine famili\u00e4re Atmosph\u00e4re und herzliche Gastlichkeit im Landhotel zur Eiche laden zum Wohlf\u00fchlen in Hedendorf am Rande des Alten Landes ein.","potentialAction":[{"@type":"SearchAction","target":{"@type":"EntryPoint","urlTemplate":"https:\/\/www.hotel-zur-eiche.de\/?s={search_term_string}"},"query-input":{"@type":"PropertyValueSpecification","valueRequired":true,"valueName":"search_term_string"}}],"inLanguage":"en-US"}]}},"_links":{"self":[{"href":"https:\/\/www.hotel-zur-eiche.de\/en\/wp-json\/wp\/v2\/pages\/67"}],"collection":[{"href":"https:\/\/www.hotel-zur-eiche.de\/en\/wp-json\/wp\/v2\/pages"}],"about":[{"href":"https:\/\/www.hotel-zur-eiche.de\/en\/wp-json\/wp\/v2\/types\/page"}],"author":[{"embeddable":true,"href":"https:\/\/www.hotel-zur-eiche.de\/en\/wp-json\/wp\/v2\/users\/2"}],"replies":[{"embeddable":true,"href":"https:\/\/www.hotel-zur-eiche.de\/en\/wp-json\/wp\/v2\/comments?post=67"}],"version-history":[{"count":1,"href":"https:\/\/www.hotel-zur-eiche.de\/en\/wp-json\/wp\/v2\/pages\/67\/revisions"}],"predecessor-version":[{"id":2968,"href":"https:\/\/www.hotel-zur-eiche.de\/en\/wp-json\/wp\/v2\/pages\/67\/revisions\/2968"}],"up":[{"embeddable":true,"href":"https:\/\/www.hotel-zur-eiche.de\/en\/wp-json\/wp\/v2\/pages\/16"}],"wp:featuredmedia":[{"embeddable":true,"href":"https:\/\/www.hotel-zur-eiche.de\/en\/wp-json\/wp\/v2\/media\/948"}],"wp:attachment":[{"href":"https:\/\/www.hotel-zur-eiche.de\/en\/wp-json\/wp\/v2\/media?parent=67"}],"curies":[{"name":"wp","href":"https:\/\/api.w.org\/{rel}","templated":true}]}}