{"id":71,"date":"2016-10-07T14:36:52","date_gmt":"2016-10-07T12:36:52","guid":{"rendered":"http:http:\/\/www.hotel-zur-eiche.de\/neu\/?page_id=71"},"modified":"2022-07-08T17:11:04","modified_gmt":"2022-07-08T15:11:04","slug":"das-landhotel","status":"publish","type":"page","link":"https:\/\/www.hotel-zur-eiche.de\/en\/hotel\/das-landhotel\/","title":{"rendered":"The Country Hotel"},"content":{"rendered":"<p>Spend your time in one of the 25 cozy rooms, feel safe and secure in cuddly beds and let yourself go. Our motto is to preserve traditions and to carefully enhance them. You can choose between our countryside hotel rooms in our charming thatched house or the comfort of our modern interior align to the surrounding colours of the landscape.<\/p>\n<p>No matter whether you are travelling on your own or with the entire family &#8211; Our two different room categories give the possibility to choose the right one in size and design.<\/p>\n<p>A resting place with garden view on our sun terrace completes the perfect stay.<\/p>\n","protected":false},"excerpt":{"rendered":"<p>Enjoy every single minute in our comfortable rooms. Our motto is to preserve traditions and to carefully enhance them. Different room types and styles ensure there is the right room for every type of guest.<\/p>\n","protected":false},"author":2,"featured_media":0,"parent":8,"menu_order":0,"comment_status":"closed","ping_status":"closed","template":"","meta":{"footnotes":""},"translation":{"provider":"WPGlobus","version":"2.12.2","language":"en","enabled_languages":["de","en"],"languages":{"de":{"title":true,"content":true,"excerpt":true},"en":{"title":true,"content":true,"excerpt":true}}},"acf":[],"yoast_head":"<!-- This site is optimized with the Yoast SEO plugin v23.5 - https:\/\/yoast.com\/wordpress\/plugins\/seo\/ -->\n<title>The Country Hotel - Landhotel Zur Eiche<\/title>\n<meta name=\"robots\" content=\"index, follow, max-snippet:-1, max-image-preview:large, max-video-preview:-1\" \/>\n<link rel=\"canonical\" href=\"https:\/\/www.hotel-zur-eiche.de\/hotel\/das-landhotel\/\" \/>\n<meta property=\"og:locale\" content=\"en_US\" \/>\n<meta property=\"og:type\" content=\"article\" \/>\n<meta property=\"og:title\" content=\"The Country Hotel - Landhotel Zur Eiche\" \/>\n<meta property=\"og:url\" content=\"https:\/\/www.hotel-zur-eiche.de\/hotel\/das-landhotel\/\" \/>\n<meta property=\"og:site_name\" content=\"Landhotel Zur Eiche\" \/>\n<meta property=\"article:modified_time\" content=\"2022-07-08T15:11:04+00:00\" \/>\n<meta name=\"twitter:card\" content=\"summary_large_image\" \/>\n<meta name=\"twitter:label1\" content=\"Est. reading time\" \/>\n\t<meta name=\"twitter:data1\" content=\"1 minute\" \/>\n<script type=\"application\/ld+json\" class=\"yoast-schema-graph\">{\"@context\":\"https:\/\/schema.org\",\"@graph\":[{\"@type\":\"WebPage\",\"@id\":\"https:\/\/www.hotel-zur-eiche.de\/hotel\/das-landhotel\/\",\"url\":\"https:\/\/www.hotel-zur-eiche.de\/hotel\/das-landhotel\/\",\"name\":\"The Country Hotel - Landhotel Zur Eiche\",\"isPartOf\":{\"@id\":\"https:\/\/www.hotel-zur-eiche.de\/#website\"},\"datePublished\":\"2016-10-07T12:36:52+00:00\",\"dateModified\":\"2022-07-08T15:11:04+00:00\",\"description\":\"Unsere 4 H\u00e4user bieten f\u00fcr ungezwungene Familienbanden, ruhige Einzelg\u00e4nger, Landhausstil-Liebhaber, Selbstversorger und Urlaubsliebhaber genau das Richtige\",\"breadcrumb\":{\"@id\":\"https:\/\/www.hotel-zur-eiche.de\/hotel\/das-landhotel\/#breadcrumb\"},\"inLanguage\":\"en-US\",\"potentialAction\":[{\"@type\":\"ReadAction\",\"target\":[\"https:\/\/www.hotel-zur-eiche.de\/hotel\/das-landhotel\/\"]}]},{\"@type\":\"BreadcrumbList\",\"@id\":\"https:\/\/www.hotel-zur-eiche.de\/hotel\/das-landhotel\/#breadcrumb\",\"itemListElement\":[{\"@type\":\"ListItem\",\"position\":1,\"name\":\"Startseite\",\"item\":\"https:\/\/www.hotel-zur-eiche.de\/\"},{\"@type\":\"ListItem\",\"position\":2,\"name\":\"Hotel\",\"item\":\"https:\/\/www.hotel-zur-eiche.de\/hotel\/\"},{\"@type\":\"ListItem\",\"position\":3,\"name\":\"Das Landhotel\"}]},{\"@type\":\"WebSite\",\"@id\":\"https:\/\/www.hotel-zur-eiche.de\/#website\",\"url\":\"https:\/\/www.hotel-zur-eiche.de\/\",\"name\":\"Landhotel Zur Eiche\",\"description\":\"Eine famili\u00e4re Atmosph\u00e4re und herzliche Gastlichkeit im Landhotel zur Eiche laden zum Wohlf\u00fchlen in Hedendorf am Rande des Alten Landes ein.\",\"potentialAction\":[{\"@type\":\"SearchAction\",\"target\":{\"@type\":\"EntryPoint\",\"urlTemplate\":\"https:\/\/www.hotel-zur-eiche.de\/?s={search_term_string}\"},\"query-input\":{\"@type\":\"PropertyValueSpecification\",\"valueRequired\":true,\"valueName\":\"search_term_string\"}}],\"inLanguage\":\"en-US\"}]}<\/script>\n<!-- \/ Yoast SEO plugin. -->","yoast_head_json":{"title":"The Country Hotel - Landhotel Zur Eiche","robots":{"index":"index","follow":"follow","max-snippet":"max-snippet:-1","max-image-preview":"max-image-preview:large","max-video-preview":"max-video-preview:-1"},"canonical":"https:\/\/www.hotel-zur-eiche.de\/hotel\/das-landhotel\/","og_locale":"en_US","og_type":"article","og_title":"The Country Hotel - Landhotel Zur Eiche","og_url":"https:\/\/www.hotel-zur-eiche.de\/hotel\/das-landhotel\/","og_site_name":"Landhotel Zur Eiche","article_modified_time":"2022-07-08T15:11:04+00:00","twitter_card":"summary_large_image","twitter_misc":{"Est. reading time":"1 minute"},"schema":{"@context":"https:\/\/schema.org","@graph":[{"@type":"WebPage","@id":"https:\/\/www.hotel-zur-eiche.de\/hotel\/das-landhotel\/","url":"https:\/\/www.hotel-zur-eiche.de\/hotel\/das-landhotel\/","name":"The Country Hotel - Landhotel Zur Eiche","isPartOf":{"@id":"https:\/\/www.hotel-zur-eiche.de\/#website"},"datePublished":"2016-10-07T12:36:52+00:00","dateModified":"2022-07-08T15:11:04+00:00","description":"Unsere 4 H\u00e4user bieten f\u00fcr ungezwungene Familienbanden, ruhige Einzelg\u00e4nger, Landhausstil-Liebhaber, Selbstversorger und Urlaubsliebhaber genau das Richtige","breadcrumb":{"@id":"https:\/\/www.hotel-zur-eiche.de\/hotel\/das-landhotel\/#breadcrumb"},"inLanguage":"en-US","potentialAction":[{"@type":"ReadAction","target":["https:\/\/www.hotel-zur-eiche.de\/hotel\/das-landhotel\/"]}]},{"@type":"BreadcrumbList","@id":"https:\/\/www.hotel-zur-eiche.de\/hotel\/das-landhotel\/#breadcrumb","itemListElement":[{"@type":"ListItem","position":1,"name":"Startseite","item":"https:\/\/www.hotel-zur-eiche.de\/"},{"@type":"ListItem","position":2,"name":"Hotel","item":"https:\/\/www.hotel-zur-eiche.de\/hotel\/"},{"@type":"ListItem","position":3,"name":"Das Landhotel"}]},{"@type":"WebSite","@id":"https:\/\/www.hotel-zur-eiche.de\/#website","url":"https:\/\/www.hotel-zur-eiche.de\/","name":"Landhotel Zur Eiche","description":"Eine famili\u00e4re Atmosph\u00e4re und herzliche Gastlichkeit im Landhotel zur Eiche laden zum Wohlf\u00fchlen in Hedendorf am Rande des Alten Landes ein.","potentialAction":[{"@type":"SearchAction","target":{"@type":"EntryPoint","urlTemplate":"https:\/\/www.hotel-zur-eiche.de\/?s={search_term_string}"},"query-input":{"@type":"PropertyValueSpecification","valueRequired":true,"valueName":"search_term_string"}}],"inLanguage":"en-US"}]}},"_links":{"self":[{"href":"https:\/\/www.hotel-zur-eiche.de\/en\/wp-json\/wp\/v2\/pages\/71"}],"collection":[{"href":"https:\/\/www.hotel-zur-eiche.de\/en\/wp-json\/wp\/v2\/pages"}],"about":[{"href":"https:\/\/www.hotel-zur-eiche.de\/en\/wp-json\/wp\/v2\/types\/page"}],"author":[{"embeddable":true,"href":"https:\/\/www.hotel-zur-eiche.de\/en\/wp-json\/wp\/v2\/users\/2"}],"replies":[{"embeddable":true,"href":"https:\/\/www.hotel-zur-eiche.de\/en\/wp-json\/wp\/v2\/comments?post=71"}],"version-history":[{"count":1,"href":"https:\/\/www.hotel-zur-eiche.de\/en\/wp-json\/wp\/v2\/pages\/71\/revisions"}],"predecessor-version":[{"id":3160,"href":"https:\/\/www.hotel-zur-eiche.de\/en\/wp-json\/wp\/v2\/pages\/71\/revisions\/3160"}],"up":[{"embeddable":true,"href":"https:\/\/www.hotel-zur-eiche.de\/en\/wp-json\/wp\/v2\/pages\/8"}],"wp:attachment":[{"href":"https:\/\/www.hotel-zur-eiche.de\/en\/wp-json\/wp\/v2\/media?parent=71"}],"curies":[{"name":"wp","href":"https:\/\/api.w.org\/{rel}","templated":true}]}}