{"id":73,"date":"2016-10-07T14:37:05","date_gmt":"2016-10-07T12:37:05","guid":{"rendered":"http:http:\/\/www.hotel-zur-eiche.de\/neu\/?page_id=73"},"modified":"2017-11-02T01:31:04","modified_gmt":"2017-11-02T00:31:04","slug":"zimmer","status":"publish","type":"page","link":"https:\/\/www.hotel-zur-eiche.de\/en\/hotel\/zimmer\/","title":{"rendered":"Rooms"},"content":{"rendered":"<p>We provide 25 guestrooms which can be used for single and double occupancy.<\/p>\n<p>An Extra bed can be prepared upon request in most of the rooms.<\/p>\n","protected":false},"excerpt":{"rendered":"<p>We provide 25 guestrooms which can be used for single and double occupancy. An Extra bed can be prepared upon request in most of the rooms.<\/p>\n","protected":false},"author":2,"featured_media":0,"parent":8,"menu_order":0,"comment_status":"closed","ping_status":"closed","template":"","meta":{"footnotes":""},"translation":{"provider":"WPGlobus","version":"2.12.2","language":"en","enabled_languages":["de","en"],"languages":{"de":{"title":true,"content":true,"excerpt":false},"en":{"title":true,"content":true,"excerpt":false}}},"acf":[],"yoast_head":"<!-- This site is optimized with the Yoast SEO plugin v23.5 - https:\/\/yoast.com\/wordpress\/plugins\/seo\/ -->\n<title>Rooms - Landhotel Zur Eiche<\/title>\n<meta name=\"robots\" content=\"index, follow, max-snippet:-1, max-image-preview:large, max-video-preview:-1\" \/>\n<link rel=\"canonical\" href=\"https:\/\/www.hotel-zur-eiche.de\/hotel\/zimmer\/\" \/>\n<meta property=\"og:locale\" content=\"en_US\" \/>\n<meta property=\"og:type\" content=\"article\" \/>\n<meta property=\"og:title\" content=\"Rooms - Landhotel Zur Eiche\" \/>\n<meta property=\"og:url\" content=\"https:\/\/www.hotel-zur-eiche.de\/hotel\/zimmer\/\" \/>\n<meta property=\"og:site_name\" content=\"Landhotel Zur Eiche\" \/>\n<meta property=\"article:modified_time\" content=\"2017-11-02T00:31:04+00:00\" \/>\n<meta name=\"twitter:card\" content=\"summary_large_image\" \/>\n<meta name=\"twitter:label1\" content=\"Est. reading time\" \/>\n\t<meta name=\"twitter:data1\" content=\"1 minute\" \/>\n<script type=\"application\/ld+json\" class=\"yoast-schema-graph\">{\"@context\":\"https:\/\/schema.org\",\"@graph\":[{\"@type\":\"WebPage\",\"@id\":\"https:\/\/www.hotel-zur-eiche.de\/hotel\/zimmer\/\",\"url\":\"https:\/\/www.hotel-zur-eiche.de\/hotel\/zimmer\/\",\"name\":\"Rooms - Landhotel Zur Eiche\",\"isPartOf\":{\"@id\":\"https:\/\/www.hotel-zur-eiche.de\/#website\"},\"datePublished\":\"2016-10-07T12:37:05+00:00\",\"dateModified\":\"2017-11-02T00:31:04+00:00\",\"description\":\"In unserem Landhotel befinden sich insgesamt 25 Hotelzimmer, die teilweise sowohl als Einzel-, Doppel- und Dreibettzimmer genutzt werden k\u00f6nnen.\",\"breadcrumb\":{\"@id\":\"https:\/\/www.hotel-zur-eiche.de\/hotel\/zimmer\/#breadcrumb\"},\"inLanguage\":\"en-US\",\"potentialAction\":[{\"@type\":\"ReadAction\",\"target\":[\"https:\/\/www.hotel-zur-eiche.de\/hotel\/zimmer\/\"]}]},{\"@type\":\"BreadcrumbList\",\"@id\":\"https:\/\/www.hotel-zur-eiche.de\/hotel\/zimmer\/#breadcrumb\",\"itemListElement\":[{\"@type\":\"ListItem\",\"position\":1,\"name\":\"Startseite\",\"item\":\"https:\/\/www.hotel-zur-eiche.de\/\"},{\"@type\":\"ListItem\",\"position\":2,\"name\":\"Hotel\",\"item\":\"https:\/\/www.hotel-zur-eiche.de\/hotel\/\"},{\"@type\":\"ListItem\",\"position\":3,\"name\":\"Zimmer\"}]},{\"@type\":\"WebSite\",\"@id\":\"https:\/\/www.hotel-zur-eiche.de\/#website\",\"url\":\"https:\/\/www.hotel-zur-eiche.de\/\",\"name\":\"Landhotel Zur Eiche\",\"description\":\"Eine famili\u00e4re Atmosph\u00e4re und herzliche Gastlichkeit im Landhotel zur Eiche laden zum Wohlf\u00fchlen in Hedendorf am Rande des Alten Landes ein.\",\"potentialAction\":[{\"@type\":\"SearchAction\",\"target\":{\"@type\":\"EntryPoint\",\"urlTemplate\":\"https:\/\/www.hotel-zur-eiche.de\/?s={search_term_string}\"},\"query-input\":{\"@type\":\"PropertyValueSpecification\",\"valueRequired\":true,\"valueName\":\"search_term_string\"}}],\"inLanguage\":\"en-US\"}]}<\/script>\n<!-- \/ Yoast SEO plugin. -->","yoast_head_json":{"title":"Rooms - Landhotel Zur Eiche","robots":{"index":"index","follow":"follow","max-snippet":"max-snippet:-1","max-image-preview":"max-image-preview:large","max-video-preview":"max-video-preview:-1"},"canonical":"https:\/\/www.hotel-zur-eiche.de\/hotel\/zimmer\/","og_locale":"en_US","og_type":"article","og_title":"Rooms - Landhotel Zur Eiche","og_url":"https:\/\/www.hotel-zur-eiche.de\/hotel\/zimmer\/","og_site_name":"Landhotel Zur Eiche","article_modified_time":"2017-11-02T00:31:04+00:00","twitter_card":"summary_large_image","twitter_misc":{"Est. reading time":"1 minute"},"schema":{"@context":"https:\/\/schema.org","@graph":[{"@type":"WebPage","@id":"https:\/\/www.hotel-zur-eiche.de\/hotel\/zimmer\/","url":"https:\/\/www.hotel-zur-eiche.de\/hotel\/zimmer\/","name":"Rooms - Landhotel Zur Eiche","isPartOf":{"@id":"https:\/\/www.hotel-zur-eiche.de\/#website"},"datePublished":"2016-10-07T12:37:05+00:00","dateModified":"2017-11-02T00:31:04+00:00","description":"In unserem Landhotel befinden sich insgesamt 25 Hotelzimmer, die teilweise sowohl als Einzel-, Doppel- und Dreibettzimmer genutzt werden k\u00f6nnen.","breadcrumb":{"@id":"https:\/\/www.hotel-zur-eiche.de\/hotel\/zimmer\/#breadcrumb"},"inLanguage":"en-US","potentialAction":[{"@type":"ReadAction","target":["https:\/\/www.hotel-zur-eiche.de\/hotel\/zimmer\/"]}]},{"@type":"BreadcrumbList","@id":"https:\/\/www.hotel-zur-eiche.de\/hotel\/zimmer\/#breadcrumb","itemListElement":[{"@type":"ListItem","position":1,"name":"Startseite","item":"https:\/\/www.hotel-zur-eiche.de\/"},{"@type":"ListItem","position":2,"name":"Hotel","item":"https:\/\/www.hotel-zur-eiche.de\/hotel\/"},{"@type":"ListItem","position":3,"name":"Zimmer"}]},{"@type":"WebSite","@id":"https:\/\/www.hotel-zur-eiche.de\/#website","url":"https:\/\/www.hotel-zur-eiche.de\/","name":"Landhotel Zur Eiche","description":"Eine famili\u00e4re Atmosph\u00e4re und herzliche Gastlichkeit im Landhotel zur Eiche laden zum Wohlf\u00fchlen in Hedendorf am Rande des Alten Landes ein.","potentialAction":[{"@type":"SearchAction","target":{"@type":"EntryPoint","urlTemplate":"https:\/\/www.hotel-zur-eiche.de\/?s={search_term_string}"},"query-input":{"@type":"PropertyValueSpecification","valueRequired":true,"valueName":"search_term_string"}}],"inLanguage":"en-US"}]}},"_links":{"self":[{"href":"https:\/\/www.hotel-zur-eiche.de\/en\/wp-json\/wp\/v2\/pages\/73"}],"collection":[{"href":"https:\/\/www.hotel-zur-eiche.de\/en\/wp-json\/wp\/v2\/pages"}],"about":[{"href":"https:\/\/www.hotel-zur-eiche.de\/en\/wp-json\/wp\/v2\/types\/page"}],"author":[{"embeddable":true,"href":"https:\/\/www.hotel-zur-eiche.de\/en\/wp-json\/wp\/v2\/users\/2"}],"replies":[{"embeddable":true,"href":"https:\/\/www.hotel-zur-eiche.de\/en\/wp-json\/wp\/v2\/comments?post=73"}],"version-history":[{"count":1,"href":"https:\/\/www.hotel-zur-eiche.de\/en\/wp-json\/wp\/v2\/pages\/73\/revisions"}],"predecessor-version":[{"id":2891,"href":"https:\/\/www.hotel-zur-eiche.de\/en\/wp-json\/wp\/v2\/pages\/73\/revisions\/2891"}],"up":[{"embeddable":true,"href":"https:\/\/www.hotel-zur-eiche.de\/en\/wp-json\/wp\/v2\/pages\/8"}],"wp:attachment":[{"href":"https:\/\/www.hotel-zur-eiche.de\/en\/wp-json\/wp\/v2\/media?parent=73"}],"curies":[{"name":"wp","href":"https:\/\/api.w.org\/{rel}","templated":true}]}}